{"id":311,"date":"2022-05-19T14:39:24","date_gmt":"2022-05-19T18:39:24","guid":{"rendered":"https:\/\/aldemir.adv.br\/?page_id=311"},"modified":"2022-05-19T15:08:32","modified_gmt":"2022-05-19T19:08:32","slug":"questions","status":"publish","type":"page","link":"https:\/\/aldemir.adv.br\/?page_id=311","title":{"rendered":"FAQ &#8211; Perguntas Frequentes"},"content":{"rendered":"<div id=\"anspress\" class=\"anspress\">\n\n<div class=\"ap-row\">\n\t<div id=\"ap-lists\" class=\"ap-col-12\">\n\t\t\t\n<div class=\"ap-list-head clearfix\">\n\t<div class=\"pull-right\">\n\t\t<a class=\"ap-btn-ask\" href=\"https:\/\/aldemir.adv.br\/?page_id=313\">Fa\u00e7a uma Pergunta<\/a>\t<\/div>\n\n\t\n<form id=\"ap-search-form\" class=\"ap-search-form\" action=\"https:\/\/aldemir.adv.br\/\">\n\t<button class=\"ap-btn ap-search-btn\" type=\"submit\">Pesquisar<\/button>\n\t<div class=\"ap-search-inner no-overflow\">\n\t\t<input name=\"s\" type=\"text\" class=\"ap-search-input ap-form-input\" placeholder=\"Pesquisar perguntas...\" value=\"\" \/>\n\t\t<input type=\"hidden\" name=\"post_type\" value=\"question\" \/>\n\t<\/div>\n<\/form>\n\t<form id=\"ap-filters\" class=\"ap-filters clearfix\" method=\"GET\"><div class=\"ap-dropdown ap-filter filter-order_by\"><a class=\"ap-dropdown-toggle ap-filter-toggle\" href=\"#\" ap-filter apquery=\"{&quot;__nonce&quot;:&quot;e0dbd069b9&quot;,&quot;filter&quot;:&quot;order_by&quot;}\">Ordenar por: <span class=\"ap-filter-active\">Ativo<\/span><\/a><\/div><div class=\"ap-dropdown ap-filter filter-category\"><a class=\"ap-dropdown-toggle ap-filter-toggle\" href=\"#\" ap-filter apquery=\"{&quot;__nonce&quot;:&quot;1d9f1bc0f3&quot;,&quot;filter&quot;:&quot;category&quot;}\">Categoria<\/a><\/div><button id=\"ap-filter-reset\" type=\"submit\" name=\"reset-filter\" title=\"Redefinir classifica\u00e7\u00e3o e filtro\"><i class=\"apicon-x\"><\/i><span>Limpar Filtro<\/span><\/button><input type=\"hidden\" value=\"active\" name=\"order_by\" \/><\/form><\/div>\n\n\n\n\n\t<p class=\"ap-no-questions\">\n\t\tN\u00e3o h\u00e1 perguntas que correspondam \u00e0 sua consulta ou voc\u00ea n\u00e3o tem permiss\u00e3o para l\u00ea-las.\t<\/p>\n\n\t\n\t<div class=\"ap-login\">\n\t\t\n\t\t<div class=\"ap-login-buttons\">\n\t\t\t<a href=\"https:\/\/aldemir.adv.br\/wp-login.php?action=register\">Registre-se<\/a>\n\t\t\t<span class=\"ap-login-sep\">ou<\/span>\n\t\t\t<a href=\"https:\/\/aldemir.adv.br\/wp-login.php?redirect_to=https%3A%2F%2Faldemir.adv.br%2F%3Fpage_id%3D311\">Conecte-se<\/a>\n\t\t<\/div>\n\t<\/div>\n\n\t<\/div>\n\n\t\n<\/div>\n<\/div><div class=\"ap-cradit\">Pergunta e resposta \u00e9 alimentado por <a href=\"https:\/\/anspress.net\" target=\"_blank\">anspress.net<\/a><\/div>\n","protected":false},"excerpt":{"rendered":"","protected":false},"author":1,"featured_media":0,"parent":0,"menu_order":0,"comment_status":"closed","ping_status":"closed","template":"","meta":{"_regular_price":[],"currency_symbol":[]},"post_slider_layout_featured_media_urls":{"thumbnail":"","post_slider_layout_landscape_large":"","post_slider_layout_portrait_large":"","post_slider_layout_square_large":"","post_slider_layout_landscape":"","post_slider_layout_portrait":"","post_slider_layout_square":"","full":""},"yoast_head":"<!-- This site is optimized with the Yoast SEO plugin v18.9 - https:\/\/yoast.com\/wordpress\/plugins\/seo\/ -->\n<title>FAQ - Perguntas Frequentes - Aldemir do Carmo Silva<\/title>\n<meta name=\"robots\" content=\"index, follow, max-snippet:-1, max-image-preview:large, max-video-preview:-1\" \/>\n<link rel=\"canonical\" href=\"https:\/\/aldemir.adv.br\/?page_id=311\" \/>\n<meta property=\"og:locale\" content=\"pt_BR\" \/>\n<meta property=\"og:type\" content=\"article\" \/>\n<meta property=\"og:title\" content=\"FAQ - Perguntas Frequentes - Aldemir do Carmo Silva\" \/>\n<meta property=\"og:url\" content=\"https:\/\/aldemir.adv.br\/?page_id=311\" \/>\n<meta property=\"og:site_name\" content=\"Aldemir do Carmo Silva\" \/>\n<meta property=\"article:modified_time\" content=\"2022-05-19T19:08:32+00:00\" \/>\n<meta name=\"twitter:card\" content=\"summary_large_image\" \/>\n<script type=\"application\/ld+json\" class=\"yoast-schema-graph\">{\"@context\":\"https:\/\/schema.org\",\"@graph\":[{\"@type\":\"WebSite\",\"@id\":\"https:\/\/aldemir.adv.br\/#website\",\"url\":\"https:\/\/aldemir.adv.br\/\",\"name\":\"Aldemir do Carmo Silva\",\"description\":\"Advogado - OAB\/AM 9.202\",\"potentialAction\":[{\"@type\":\"SearchAction\",\"target\":{\"@type\":\"EntryPoint\",\"urlTemplate\":\"https:\/\/aldemir.adv.br\/?s={search_term_string}\"},\"query-input\":\"required name=search_term_string\"}],\"inLanguage\":\"pt-BR\"},{\"@type\":\"WebPage\",\"@id\":\"https:\/\/aldemir.adv.br\/?page_id=311#webpage\",\"url\":\"https:\/\/aldemir.adv.br\/?page_id=311\",\"name\":\"FAQ - Perguntas Frequentes - Aldemir do Carmo Silva\",\"isPartOf\":{\"@id\":\"https:\/\/aldemir.adv.br\/#website\"},\"datePublished\":\"2022-05-19T18:39:24+00:00\",\"dateModified\":\"2022-05-19T19:08:32+00:00\",\"breadcrumb\":{\"@id\":\"https:\/\/aldemir.adv.br\/?page_id=311#breadcrumb\"},\"inLanguage\":\"pt-BR\",\"potentialAction\":[{\"@type\":\"ReadAction\",\"target\":[\"https:\/\/aldemir.adv.br\/?page_id=311\"]}]},{\"@type\":\"BreadcrumbList\",\"@id\":\"https:\/\/aldemir.adv.br\/?page_id=311#breadcrumb\",\"itemListElement\":[{\"@type\":\"ListItem\",\"position\":1,\"name\":\"In\u00edcio\",\"item\":\"https:\/\/aldemir.adv.br\/\"},{\"@type\":\"ListItem\",\"position\":2,\"name\":\"FAQ &#8211; Perguntas Frequentes\"}]}]}<\/script>\n<!-- \/ Yoast SEO plugin. -->","yoast_head_json":{"title":"FAQ - Perguntas Frequentes - Aldemir do Carmo Silva","robots":{"index":"index","follow":"follow","max-snippet":"max-snippet:-1","max-image-preview":"max-image-preview:large","max-video-preview":"max-video-preview:-1"},"canonical":"https:\/\/aldemir.adv.br\/?page_id=311","og_locale":"pt_BR","og_type":"article","og_title":"FAQ - Perguntas Frequentes - Aldemir do Carmo Silva","og_url":"https:\/\/aldemir.adv.br\/?page_id=311","og_site_name":"Aldemir do Carmo Silva","article_modified_time":"2022-05-19T19:08:32+00:00","twitter_card":"summary_large_image","schema":{"@context":"https:\/\/schema.org","@graph":[{"@type":"WebSite","@id":"https:\/\/aldemir.adv.br\/#website","url":"https:\/\/aldemir.adv.br\/","name":"Aldemir do Carmo Silva","description":"Advogado - OAB\/AM 9.202","potentialAction":[{"@type":"SearchAction","target":{"@type":"EntryPoint","urlTemplate":"https:\/\/aldemir.adv.br\/?s={search_term_string}"},"query-input":"required name=search_term_string"}],"inLanguage":"pt-BR"},{"@type":"WebPage","@id":"https:\/\/aldemir.adv.br\/?page_id=311#webpage","url":"https:\/\/aldemir.adv.br\/?page_id=311","name":"FAQ - Perguntas Frequentes - Aldemir do Carmo Silva","isPartOf":{"@id":"https:\/\/aldemir.adv.br\/#website"},"datePublished":"2022-05-19T18:39:24+00:00","dateModified":"2022-05-19T19:08:32+00:00","breadcrumb":{"@id":"https:\/\/aldemir.adv.br\/?page_id=311#breadcrumb"},"inLanguage":"pt-BR","potentialAction":[{"@type":"ReadAction","target":["https:\/\/aldemir.adv.br\/?page_id=311"]}]},{"@type":"BreadcrumbList","@id":"https:\/\/aldemir.adv.br\/?page_id=311#breadcrumb","itemListElement":[{"@type":"ListItem","position":1,"name":"In\u00edcio","item":"https:\/\/aldemir.adv.br\/"},{"@type":"ListItem","position":2,"name":"FAQ &#8211; Perguntas Frequentes"}]}]}},"_links":{"self":[{"href":"https:\/\/aldemir.adv.br\/index.php?rest_route=\/wp\/v2\/pages\/311"}],"collection":[{"href":"https:\/\/aldemir.adv.br\/index.php?rest_route=\/wp\/v2\/pages"}],"about":[{"href":"https:\/\/aldemir.adv.br\/index.php?rest_route=\/wp\/v2\/types\/page"}],"author":[{"embeddable":true,"href":"https:\/\/aldemir.adv.br\/index.php?rest_route=\/wp\/v2\/users\/1"}],"replies":[{"embeddable":true,"href":"https:\/\/aldemir.adv.br\/index.php?rest_route=%2Fwp%2Fv2%2Fcomments&post=311"}],"version-history":[{"count":2,"href":"https:\/\/aldemir.adv.br\/index.php?rest_route=\/wp\/v2\/pages\/311\/revisions"}],"predecessor-version":[{"id":322,"href":"https:\/\/aldemir.adv.br\/index.php?rest_route=\/wp\/v2\/pages\/311\/revisions\/322"}],"wp:attachment":[{"href":"https:\/\/aldemir.adv.br\/index.php?rest_route=%2Fwp%2Fv2%2Fmedia&parent=311"}],"curies":[{"name":"wp","href":"https:\/\/api.w.org\/{rel}","templated":true}]}}