{"id":1109,"date":"2022-06-03T21:12:41","date_gmt":"2022-06-04T01:12:41","guid":{"rendered":"https:\/\/aldemir.adv.br\/?page_id=1109"},"modified":"2022-07-01T11:25:39","modified_gmt":"2022-07-01T15:25:39","slug":"cartao-de-visita-virtual","status":"publish","type":"page","link":"https:\/\/aldemir.adv.br\/?page_id=1109","title":{"rendered":""},"content":{"rendered":"\t\t<div data-elementor-type=\"wp-page\" data-elementor-id=\"1109\" class=\"elementor elementor-1109\">\n\t\t\t\t\t\t\t\t\t<section class=\"elementor-section elementor-top-section elementor-element elementor-element-4c72cb86 elementor-section-full_width elementor-section-content-middle elementor-section-height-default elementor-section-height-default\" data-id=\"4c72cb86\" data-element_type=\"section\">\n\t\t\t\t\t\t<div class=\"elementor-container elementor-column-gap-no\">\n\t\t\t\t\t<div class=\"elementor-column elementor-col-33 elementor-top-column elementor-element elementor-element-1afda94\" data-id=\"1afda94\" data-element_type=\"column\">\n\t\t\t<div class=\"elementor-widget-wrap elementor-element-populated\">\n\t\t\t\t\t\t\t\t<div class=\"elementor-element elementor-element-61f696ef elementor-widget elementor-widget-text-editor\" data-id=\"61f696ef\" data-element_type=\"widget\" data-widget_type=\"text-editor.default\">\n\t\t\t\t<div class=\"elementor-widget-container\">\n\t\t\t<style>\/*! elementor - v3.6.5 - 27-04-2022 *\/\n.elementor-widget-text-editor.elementor-drop-cap-view-stacked .elementor-drop-cap{background-color:#818a91;color:#fff}.elementor-widget-text-editor.elementor-drop-cap-view-framed .elementor-drop-cap{color:#818a91;border:3px solid;background-color:transparent}.elementor-widget-text-editor:not(.elementor-drop-cap-view-default) .elementor-drop-cap{margin-top:8px}.elementor-widget-text-editor:not(.elementor-drop-cap-view-default) .elementor-drop-cap-letter{width:1em;height:1em}.elementor-widget-text-editor .elementor-drop-cap{float:left;text-align:center;line-height:1;font-size:50px}.elementor-widget-text-editor .elementor-drop-cap-letter{display:inline-block}<\/style>\t\t\t\t\t\t\t\t\t\t<\/div>\n\t\t\t\t<\/div>\n\t\t\t\t<div class=\"elementor-element elementor-element-7e5675f4 elementor-widget elementor-widget-heading\" data-id=\"7e5675f4\" data-element_type=\"widget\" data-widget_type=\"heading.default\">\n\t\t\t\t<div class=\"elementor-widget-container\">\n\t\t\t<style>\/*! elementor - v3.6.5 - 27-04-2022 *\/\n.elementor-heading-title{padding:0;margin:0;line-height:1}.elementor-widget-heading .elementor-heading-title[class*=elementor-size-]>a{color:inherit;font-size:inherit;line-height:inherit}.elementor-widget-heading .elementor-heading-title.elementor-size-small{font-size:15px}.elementor-widget-heading .elementor-heading-title.elementor-size-medium{font-size:19px}.elementor-widget-heading .elementor-heading-title.elementor-size-large{font-size:29px}.elementor-widget-heading .elementor-heading-title.elementor-size-xl{font-size:39px}.elementor-widget-heading .elementor-heading-title.elementor-size-xxl{font-size:59px}<\/style><h5 class=\"elementor-heading-title elementor-size-small\">Sobre o Advogado<\/h5>\t\t<\/div>\n\t\t\t\t<\/div>\n\t\t\t\t<div class=\"elementor-element elementor-element-881d58c elementor-widget elementor-widget-heading\" data-id=\"881d58c\" data-element_type=\"widget\" data-widget_type=\"heading.default\">\n\t\t\t\t<div class=\"elementor-widget-container\">\n\t\t\t<h3 class=\"elementor-heading-title elementor-size-default\">Aldemir do Carmo Silva<\/h3>\t\t<\/div>\n\t\t\t\t<\/div>\n\t\t\t\t<div class=\"elementor-element elementor-element-5ee07a63 elementor-widget-divider--view-line elementor-widget elementor-widget-divider\" data-id=\"5ee07a63\" data-element_type=\"widget\" data-widget_type=\"divider.default\">\n\t\t\t\t<div class=\"elementor-widget-container\">\n\t\t\t<style>\/*! elementor - v3.6.5 - 27-04-2022 *\/\n.elementor-widget-divider{--divider-border-style:none;--divider-border-width:1px;--divider-color:#2c2c2c;--divider-icon-size:20px;--divider-element-spacing:10px;--divider-pattern-height:24px;--divider-pattern-size:20px;--divider-pattern-url:none;--divider-pattern-repeat:repeat-x}.elementor-widget-divider .elementor-divider{display:-webkit-box;display:-ms-flexbox;display:flex}.elementor-widget-divider .elementor-divider__text{font-size:15px;line-height:1;max-width:95%}.elementor-widget-divider .elementor-divider__element{margin:0 var(--divider-element-spacing);-ms-flex-negative:0;flex-shrink:0}.elementor-widget-divider .elementor-icon{font-size:var(--divider-icon-size)}.elementor-widget-divider .elementor-divider-separator{display:-webkit-box;display:-ms-flexbox;display:flex;margin:0;direction:ltr}.elementor-widget-divider--view-line_icon .elementor-divider-separator,.elementor-widget-divider--view-line_text .elementor-divider-separator{-webkit-box-align:center;-ms-flex-align:center;align-items:center}.elementor-widget-divider--view-line_icon .elementor-divider-separator:after,.elementor-widget-divider--view-line_icon .elementor-divider-separator:before,.elementor-widget-divider--view-line_text .elementor-divider-separator:after,.elementor-widget-divider--view-line_text .elementor-divider-separator:before{display:block;content:\"\";border-bottom:0;-webkit-box-flex:1;-ms-flex-positive:1;flex-grow:1;border-top:var(--divider-border-width) var(--divider-border-style) var(--divider-color)}.elementor-widget-divider--element-align-left .elementor-divider .elementor-divider-separator>.elementor-divider__svg:first-of-type{-webkit-box-flex:0;-ms-flex-positive:0;flex-grow:0;-ms-flex-negative:100;flex-shrink:100}.elementor-widget-divider--element-align-left .elementor-divider-separator:before{content:none}.elementor-widget-divider--element-align-left .elementor-divider__element{margin-left:0}.elementor-widget-divider--element-align-right .elementor-divider .elementor-divider-separator>.elementor-divider__svg:last-of-type{-webkit-box-flex:0;-ms-flex-positive:0;flex-grow:0;-ms-flex-negative:100;flex-shrink:100}.elementor-widget-divider--element-align-right .elementor-divider-separator:after{content:none}.elementor-widget-divider--element-align-right .elementor-divider__element{margin-right:0}.elementor-widget-divider:not(.elementor-widget-divider--view-line_text):not(.elementor-widget-divider--view-line_icon) .elementor-divider-separator{border-top:var(--divider-border-width) var(--divider-border-style) var(--divider-color)}.elementor-widget-divider--separator-type-pattern{--divider-border-style:none}.elementor-widget-divider--separator-type-pattern.elementor-widget-divider--view-line .elementor-divider-separator,.elementor-widget-divider--separator-type-pattern:not(.elementor-widget-divider--view-line) .elementor-divider-separator:after,.elementor-widget-divider--separator-type-pattern:not(.elementor-widget-divider--view-line) .elementor-divider-separator:before,.elementor-widget-divider--separator-type-pattern:not([class*=elementor-widget-divider--view]) .elementor-divider-separator{width:100%;min-height:var(--divider-pattern-height);-webkit-mask-size:var(--divider-pattern-size) 100%;mask-size:var(--divider-pattern-size) 100%;-webkit-mask-repeat:var(--divider-pattern-repeat);mask-repeat:var(--divider-pattern-repeat);background-color:var(--divider-color);-webkit-mask-image:var(--divider-pattern-url);mask-image:var(--divider-pattern-url)}.elementor-widget-divider--no-spacing{--divider-pattern-size:auto}.elementor-widget-divider--bg-round{--divider-pattern-repeat:round}.rtl .elementor-widget-divider .elementor-divider__text{direction:rtl}<\/style>\t\t<div class=\"elementor-divider\">\n\t\t\t<span class=\"elementor-divider-separator\">\n\t\t\t\t\t\t<\/span>\n\t\t<\/div>\n\t\t\t\t<\/div>\n\t\t\t\t<\/div>\n\t\t\t\t\t<\/div>\n\t\t<\/div>\n\t\t\t\t<div class=\"elementor-column elementor-col-33 elementor-top-column elementor-element elementor-element-340a4ba1\" data-id=\"340a4ba1\" data-element_type=\"column\">\n\t\t\t<div class=\"elementor-widget-wrap elementor-element-populated\">\n\t\t\t\t\t\t\t\t<div class=\"elementor-element elementor-element-451c4ba5 elementor-widget elementor-widget-text-editor\" data-id=\"451c4ba5\" data-element_type=\"widget\" data-widget_type=\"text-editor.default\">\n\t\t\t\t<div class=\"elementor-widget-container\">\n\t\t\t\t\t\t\t<p>O advogado Aldemir do Carmo Silva \u00e9 natural de Manaus, Estado do Amazonas. Acumula vasta experi\u00eancia em Direito Civil, com especializa\u00e7\u00e3o em direito das fam\u00edlias, onde exerce a advocacia de forma humanizada com foco no respeito \u00e0 pessoa humana, procurando proporcionar conforto e confian\u00e7a a seus clientes durante o tr\u00e2mite das demandas judicias. Terceiro filho de uma fam\u00edlia de nove irm\u00e3os, fez o curso prim\u00e1rio no Grupo Escolar Ant\u00f4nio Bitancourt. Cursou o 2\u00ba Grau (ensino m\u00e9dio) na ETFA &#8211; Escola T\u00e9cnica Federal do Amazonas, curso de edifica\u00e7\u00f5es. Prestou servi\u00e7o militar na 1\u00aa Cia. de Eng. de Dep. e Man. da 12\u00aa RM, em Manaus, onde foi indicado para compor a primeira equipe de profissionais de TI do Comando Militar da Amaz\u00f4nia &#8211; CMA, quando deu os primeiros passos como programador de computador. Ap\u00f3s sair do Ex\u00e9rcito em 1982, trabalhou na \u00e1rea de TI do JPMorgan\u00a0 Chase Bank, N.A. por cinco anos. Trabalhou por mais de 30 anos na Petrobr\u00e1s Distribuidora onde ingressou ainda jovem na \u00e1rea de TI fazendo uma carreira de sucesso como analista de sistemas e desenvolvedor de softwares comerciais e de seguran\u00e7a. Sua carreira na Petrobr\u00e1s lhe proporcionou conhecer muitas cidades por todo o Territ\u00f3rio Nacional, de norte a sul do pa\u00eds, bem como, fazer diversos amigos nos locais onde trabalhou. Despediu-se da Petrobr\u00e1s em 2014 quando chefiava o N\u00facleo de Tecnologia da Informa\u00e7\u00e3o da Regi\u00e3o Norte &#8211; NTIN, em Manaus, quando passou a dedicar-se \u00e0 \u00e1rea jur\u00eddica. Acumula vasta experi\u00eancia em Direito Civil, com \u00eanfase no direito das fam\u00edlias, onde exerce a advocacia de forma humanizada com foco no respeito \u00e0 pessoa humana, procurando proporcionar conforto e confian\u00e7a a seus clientes durante o tr\u00e2mite das demandas judicias.<\/p>\t\t\t\t\t\t<\/div>\n\t\t\t\t<\/div>\n\t\t\t\t\t<\/div>\n\t\t<\/div>\n\t\t\t\t<div class=\"elementor-column elementor-col-33 elementor-top-column elementor-element elementor-element-746d1176\" data-id=\"746d1176\" data-element_type=\"column\">\n\t\t\t<div class=\"elementor-widget-wrap elementor-element-populated\">\n\t\t\t\t\t\t\t\t<div class=\"elementor-element elementor-element-657f4672 elementor-widget elementor-widget-image\" data-id=\"657f4672\" data-element_type=\"widget\" data-widget_type=\"image.default\">\n\t\t\t\t<div class=\"elementor-widget-container\">\n\t\t\t<style>\/*! elementor - v3.6.5 - 27-04-2022 *\/\n.elementor-widget-image{text-align:center}.elementor-widget-image a{display:inline-block}.elementor-widget-image a img[src$=\".svg\"]{width:48px}.elementor-widget-image img{vertical-align:middle;display:inline-block}<\/style>\t\t\t\t\t\t\t\t\t\t\t\t<img width=\"1600\" height=\"1600\" src=\"https:\/\/aldemir.adv.br\/wp-content\/uploads\/2022\/05\/DrAldemirSilva.jpeg\" class=\"attachment-full size-full\" alt=\"\" loading=\"lazy\" srcset=\"https:\/\/aldemir.adv.br\/wp-content\/uploads\/2022\/05\/DrAldemirSilva.jpeg 1600w, https:\/\/aldemir.adv.br\/wp-content\/uploads\/2022\/05\/DrAldemirSilva-300x300.jpeg 300w, https:\/\/aldemir.adv.br\/wp-content\/uploads\/2022\/05\/DrAldemirSilva-1024x1024.jpeg 1024w, https:\/\/aldemir.adv.br\/wp-content\/uploads\/2022\/05\/DrAldemirSilva-150x150.jpeg 150w, https:\/\/aldemir.adv.br\/wp-content\/uploads\/2022\/05\/DrAldemirSilva-768x768.jpeg 768w, https:\/\/aldemir.adv.br\/wp-content\/uploads\/2022\/05\/DrAldemirSilva-1536x1536.jpeg 1536w\" sizes=\"(max-width: 1600px) 100vw, 1600px\" \/>\t\t\t\t\t\t\t\t\t\t\t\t\t\t\t<\/div>\n\t\t\t\t<\/div>\n\t\t\t\t\t<\/div>\n\t\t<\/div>\n\t\t\t\t\t\t\t<\/div>\n\t\t<\/section>\n\t\t\t\t\t\t\t<\/div>\n\t\t","protected":false},"excerpt":{"rendered":"<p>Sobre o Advogado Aldemir do Carmo Silva O advogado Aldemir do Carmo Silva \u00e9 natural de Manaus, Estado do Amazonas. Acumula vasta experi\u00eancia em Direito Civil, com especializa\u00e7\u00e3o em direito das fam\u00edlias, onde exerce a advocacia de forma humanizada com foco no respeito \u00e0 pessoa humana, procurando proporcionar conforto e confian\u00e7a a seus clientes durante [&hellip;]<\/p>\n","protected":false},"author":1,"featured_media":0,"parent":0,"menu_order":0,"comment_status":"closed","ping_status":"closed","template":"","meta":{"_regular_price":[],"currency_symbol":[]},"post_slider_layout_featured_media_urls":{"thumbnail":"","post_slider_layout_landscape_large":"","post_slider_layout_portrait_large":"","post_slider_layout_square_large":"","post_slider_layout_landscape":"","post_slider_layout_portrait":"","post_slider_layout_square":"","full":""},"yoast_head":"<!-- This site is optimized with the Yoast SEO plugin v18.9 - https:\/\/yoast.com\/wordpress\/plugins\/seo\/ -->\n<title>- Aldemir do Carmo Silva<\/title>\n<meta name=\"robots\" content=\"index, follow, max-snippet:-1, max-image-preview:large, max-video-preview:-1\" \/>\n<link rel=\"canonical\" href=\"https:\/\/aldemir.adv.br\/?page_id=1109\" \/>\n<meta property=\"og:locale\" content=\"pt_BR\" \/>\n<meta property=\"og:type\" content=\"article\" \/>\n<meta property=\"og:title\" content=\"- Aldemir do Carmo Silva\" \/>\n<meta property=\"og:description\" content=\"Sobre o Advogado Aldemir do Carmo Silva O advogado Aldemir do Carmo Silva \u00e9 natural de Manaus, Estado do Amazonas. Acumula vasta experi\u00eancia em Direito Civil, com especializa\u00e7\u00e3o em direito das fam\u00edlias, onde exerce a advocacia de forma humanizada com foco no respeito \u00e0 pessoa humana, procurando proporcionar conforto e confian\u00e7a a seus clientes durante [&hellip;]\" \/>\n<meta property=\"og:url\" content=\"https:\/\/aldemir.adv.br\/?page_id=1109\" \/>\n<meta property=\"og:site_name\" content=\"Aldemir do Carmo Silva\" \/>\n<meta property=\"article:modified_time\" content=\"2022-07-01T15:25:39+00:00\" \/>\n<meta property=\"og:image\" content=\"https:\/\/aldemir.adv.br\/wp-content\/uploads\/2022\/05\/DrAldemirSilva.jpeg\" \/>\n<meta name=\"twitter:card\" content=\"summary_large_image\" \/>\n<meta name=\"twitter:label1\" content=\"Est. tempo de leitura\" \/>\n\t<meta name=\"twitter:data1\" content=\"2 minutos\" \/>\n<script type=\"application\/ld+json\" class=\"yoast-schema-graph\">{\"@context\":\"https:\/\/schema.org\",\"@graph\":[{\"@type\":\"WebSite\",\"@id\":\"https:\/\/aldemir.adv.br\/#website\",\"url\":\"https:\/\/aldemir.adv.br\/\",\"name\":\"Aldemir do Carmo Silva\",\"description\":\"Advogado - OAB\/AM 9.202\",\"potentialAction\":[{\"@type\":\"SearchAction\",\"target\":{\"@type\":\"EntryPoint\",\"urlTemplate\":\"https:\/\/aldemir.adv.br\/?s={search_term_string}\"},\"query-input\":\"required name=search_term_string\"}],\"inLanguage\":\"pt-BR\"},{\"@type\":\"ImageObject\",\"inLanguage\":\"pt-BR\",\"@id\":\"https:\/\/aldemir.adv.br\/?page_id=1109#primaryimage\",\"url\":\"https:\/\/aldemir.adv.br\/wp-content\/uploads\/2022\/05\/DrAldemirSilva.jpeg\",\"contentUrl\":\"https:\/\/aldemir.adv.br\/wp-content\/uploads\/2022\/05\/DrAldemirSilva.jpeg\",\"width\":1600,\"height\":1600},{\"@type\":\"WebPage\",\"@id\":\"https:\/\/aldemir.adv.br\/?page_id=1109#webpage\",\"url\":\"https:\/\/aldemir.adv.br\/?page_id=1109\",\"name\":\"- Aldemir do Carmo Silva\",\"isPartOf\":{\"@id\":\"https:\/\/aldemir.adv.br\/#website\"},\"primaryImageOfPage\":{\"@id\":\"https:\/\/aldemir.adv.br\/?page_id=1109#primaryimage\"},\"datePublished\":\"2022-06-04T01:12:41+00:00\",\"dateModified\":\"2022-07-01T15:25:39+00:00\",\"breadcrumb\":{\"@id\":\"https:\/\/aldemir.adv.br\/?page_id=1109#breadcrumb\"},\"inLanguage\":\"pt-BR\",\"potentialAction\":[{\"@type\":\"ReadAction\",\"target\":[\"https:\/\/aldemir.adv.br\/?page_id=1109\"]}]},{\"@type\":\"BreadcrumbList\",\"@id\":\"https:\/\/aldemir.adv.br\/?page_id=1109#breadcrumb\",\"itemListElement\":[{\"@type\":\"ListItem\",\"position\":1,\"name\":\"In\u00edcio\",\"item\":\"https:\/\/aldemir.adv.br\/\"},{\"@type\":\"ListItem\",\"position\":2,\"name\":\"\"}]}]}<\/script>\n<!-- \/ Yoast SEO plugin. -->","yoast_head_json":{"title":"- Aldemir do Carmo Silva","robots":{"index":"index","follow":"follow","max-snippet":"max-snippet:-1","max-image-preview":"max-image-preview:large","max-video-preview":"max-video-preview:-1"},"canonical":"https:\/\/aldemir.adv.br\/?page_id=1109","og_locale":"pt_BR","og_type":"article","og_title":"- Aldemir do Carmo Silva","og_description":"Sobre o Advogado Aldemir do Carmo Silva O advogado Aldemir do Carmo Silva \u00e9 natural de Manaus, Estado do Amazonas. Acumula vasta experi\u00eancia em Direito Civil, com especializa\u00e7\u00e3o em direito das fam\u00edlias, onde exerce a advocacia de forma humanizada com foco no respeito \u00e0 pessoa humana, procurando proporcionar conforto e confian\u00e7a a seus clientes durante [&hellip;]","og_url":"https:\/\/aldemir.adv.br\/?page_id=1109","og_site_name":"Aldemir do Carmo Silva","article_modified_time":"2022-07-01T15:25:39+00:00","og_image":[{"url":"https:\/\/aldemir.adv.br\/wp-content\/uploads\/2022\/05\/DrAldemirSilva.jpeg"}],"twitter_card":"summary_large_image","twitter_misc":{"Est. tempo de leitura":"2 minutos"},"schema":{"@context":"https:\/\/schema.org","@graph":[{"@type":"WebSite","@id":"https:\/\/aldemir.adv.br\/#website","url":"https:\/\/aldemir.adv.br\/","name":"Aldemir do Carmo Silva","description":"Advogado - OAB\/AM 9.202","potentialAction":[{"@type":"SearchAction","target":{"@type":"EntryPoint","urlTemplate":"https:\/\/aldemir.adv.br\/?s={search_term_string}"},"query-input":"required name=search_term_string"}],"inLanguage":"pt-BR"},{"@type":"ImageObject","inLanguage":"pt-BR","@id":"https:\/\/aldemir.adv.br\/?page_id=1109#primaryimage","url":"https:\/\/aldemir.adv.br\/wp-content\/uploads\/2022\/05\/DrAldemirSilva.jpeg","contentUrl":"https:\/\/aldemir.adv.br\/wp-content\/uploads\/2022\/05\/DrAldemirSilva.jpeg","width":1600,"height":1600},{"@type":"WebPage","@id":"https:\/\/aldemir.adv.br\/?page_id=1109#webpage","url":"https:\/\/aldemir.adv.br\/?page_id=1109","name":"- Aldemir do Carmo Silva","isPartOf":{"@id":"https:\/\/aldemir.adv.br\/#website"},"primaryImageOfPage":{"@id":"https:\/\/aldemir.adv.br\/?page_id=1109#primaryimage"},"datePublished":"2022-06-04T01:12:41+00:00","dateModified":"2022-07-01T15:25:39+00:00","breadcrumb":{"@id":"https:\/\/aldemir.adv.br\/?page_id=1109#breadcrumb"},"inLanguage":"pt-BR","potentialAction":[{"@type":"ReadAction","target":["https:\/\/aldemir.adv.br\/?page_id=1109"]}]},{"@type":"BreadcrumbList","@id":"https:\/\/aldemir.adv.br\/?page_id=1109#breadcrumb","itemListElement":[{"@type":"ListItem","position":1,"name":"In\u00edcio","item":"https:\/\/aldemir.adv.br\/"},{"@type":"ListItem","position":2,"name":""}]}]}},"_links":{"self":[{"href":"https:\/\/aldemir.adv.br\/index.php?rest_route=\/wp\/v2\/pages\/1109"}],"collection":[{"href":"https:\/\/aldemir.adv.br\/index.php?rest_route=\/wp\/v2\/pages"}],"about":[{"href":"https:\/\/aldemir.adv.br\/index.php?rest_route=\/wp\/v2\/types\/page"}],"author":[{"embeddable":true,"href":"https:\/\/aldemir.adv.br\/index.php?rest_route=\/wp\/v2\/users\/1"}],"replies":[{"embeddable":true,"href":"https:\/\/aldemir.adv.br\/index.php?rest_route=%2Fwp%2Fv2%2Fcomments&post=1109"}],"version-history":[{"count":26,"href":"https:\/\/aldemir.adv.br\/index.php?rest_route=\/wp\/v2\/pages\/1109\/revisions"}],"predecessor-version":[{"id":1153,"href":"https:\/\/aldemir.adv.br\/index.php?rest_route=\/wp\/v2\/pages\/1109\/revisions\/1153"}],"wp:attachment":[{"href":"https:\/\/aldemir.adv.br\/index.php?rest_route=%2Fwp%2Fv2%2Fmedia&parent=1109"}],"curies":[{"name":"wp","href":"https:\/\/api.w.org\/{rel}","templated":true}]}}